{"id":13731,"date":"2026-04-24T05:52:25","date_gmt":"2026-04-24T05:52:25","guid":{"rendered":"https:\/\/unifestival.shop\/?post_type=product&#038;p=13731"},"modified":"2026-04-26T20:09:18","modified_gmt":"2026-04-26T20:09:18","slug":"bsmoom-7000a-arrancador-de-bateria-de-coche-con-linterna-led-gran-pantalla-lcd-pack-de-arrancador-de-bateria-de-coche-de-emergencia-12-v-caja-de-arranque-cargador-portatil-bateria-externa","status":"publish","type":"product","link":"https:\/\/unifestival.shop\/es\/producto\/bsmoom-7000a-arrancador-de-bateria-de-coche-con-linterna-led-gran-pantalla-lcd-pack-de-arrancador-de-bateria-de-coche-de-emergencia-12-v-caja-de-arranque-cargador-portatil-bateria-externa\/","title":{"rendered":"BSMOOM 7000A arrancador de bater\u00eda de coche, con linterna LED, gran pantalla LCD, pack de arrancador de bater\u00eda de coche de emergencia 12 V, caja de arranque, cargador port\u00e1til, bater\u00eda externa"},"content":{"rendered":"<div data-elementor-type=\"product-post\" data-elementor-id=\"13731\" class=\"elementor elementor-13731\" data-elementor-post-type=\"product\">\n\t\t\t\t<div class=\"elementor-element elementor-element-27b3c9af e-flex e-con-boxed e-con e-parent\" data-id=\"27b3c9af\" data-element_type=\"container\" data-e-type=\"container\" data-settings=\"{&quot;ekit_has_onepagescroll_dot&quot;:&quot;yes&quot;}\">\n\t\t\t\t\t<div class=\"e-con-inner\">\n\t\t<div class=\"elementor-element elementor-element-4d6c450d e-grid e-con-full e-con e-child\" data-id=\"4d6c450d\" data-element_type=\"container\" data-e-type=\"container\" data-settings=\"{&quot;ekit_has_onepagescroll_dot&quot;:&quot;yes&quot;}\">\n\t\t\t\t<div class=\"elementor-element elementor-element-50bd6dd elementor-widget elementor-widget-video\" data-id=\"50bd6dd\" data-element_type=\"widget\" data-e-type=\"widget\" data-settings=\"{&quot;video_type&quot;:&quot;hosted&quot;,&quot;controls&quot;:&quot;yes&quot;,&quot;ekit_we_effect_on&quot;:&quot;none&quot;}\" data-widget_type=\"video.default\">\n\t\t\t\t<div class=\"elementor-widget-container\">\n\t\t\t\t\t\t\t<div class=\"e-hosted-video elementor-wrapper elementor-open-inline\">\n\t\t\t\t\t<video class=\"elementor-video\" src=\"https:\/\/unifestival.shop\/wp-content\/uploads\/2026\/04\/video_2026-03-30_10-29-26.mp4\" controls=\"\" preload=\"metadata\" controlslist=\"nodownload\"><\/video>\n\t\t\t\t<\/div>\n\t\t\t\t\t\t<\/div>\n\t\t\t\t<\/div>\n\t\t\t\t<div class=\"elementor-element elementor-element-105cf053 elementor-widget elementor-widget-text-editor\" data-id=\"105cf053\" data-element_type=\"widget\" data-e-type=\"widget\" data-settings=\"{&quot;ekit_we_effect_on&quot;:&quot;none&quot;}\" data-widget_type=\"text-editor.default\">\n\t\t\t\t<div class=\"elementor-widget-container\">\n\t\t\t\t\t\t\t\t\t<div class=\"elementor-widget-container\">\n    # Features &#038; Specs\n\n<div class=\"product-table\">\n  <div class=\"product-row\">\n    <div class=\"product-label\">Battery Type<\/div>\n    <div class=\"product-value\">Lithium Polymer<\/div>\n  <\/div>\n  <div class=\"product-row\">\n    <div class=\"product-label\"><strong>Voltage<\/strong><\/div>\n    <div class=\"product-value\"><strong>12<\/strong><\/div>\n  <\/div>\n  <div class=\"product-row\">\n    <div class=\"product-label\"><strong>Compatible with Vehicle Type<\/strong><\/div>\n    <div class=\"product-value\"><strong>ATV<\/strong><\/div>\n  <\/div>\n  <div class=\"product-row\">\n    <div class=\"product-label\"><strong>Battery Capacity<\/strong><\/div>\n    <div class=\"product-value\"><strong>26800 Milliamp Hours<\/strong><\/div>\n  <\/div>\n  <div class=\"product-row\">\n    <div class=\"product-label\"><strong>Amperage<\/strong><\/div>\n    <div class=\"product-value\"><strong>7000 Amps<\/strong><\/div>\n  <\/div>\n  <div class=\"product-row\">\n    <div class=\"product-label\"><strong>Peak Output Current<\/strong><\/div>\n    <div class=\"product-value\"><strong>7000 Amps<\/strong><\/div>\n  <\/div>\n<\/div>\n\n<style>\n.product-table {\n  width: 100%;\n  border-top: 1px solid #000;\n  font-family: Arial, sans-serif;\n}\n\n.product-row {\n  display: flex;\n  border-bottom: 1px solid #000;\n  padding: 12px 0;\n}\n\n.product-label {\n  flex: 1;\n  font-weight: bold;\n  min-width: 200px;\n  padding-right: 20px;\n}\n\n.product-value {\n  flex: 1;\n  min-width: 200px;\n}\n<\/style>\n<\/div>\t\t\t\t\t\t\t\t<\/div>\n\t\t\t\t<\/div>\n\t\t\t\t<\/div>\n\t\t\t\t\t<\/div>\n\t\t\t\t<\/div>\n\t\t<div class=\"elementor-element elementor-element-474de253 e-flex e-con-boxed e-con e-parent\" data-id=\"474de253\" data-element_type=\"container\" data-e-type=\"container\" data-settings=\"{&quot;ekit_has_onepagescroll_dot&quot;:&quot;yes&quot;}\">\n\t\t\t\t\t<div class=\"e-con-inner\">\n\t\t\t\t<div class=\"elementor-element elementor-element-4b103854 elementor-position-left elementor-vertical-align-middle elementor-widget elementor-widget-image-box\" data-id=\"4b103854\" data-element_type=\"widget\" data-e-type=\"widget\" data-settings=\"{&quot;ekit_we_effect_on&quot;:&quot;none&quot;}\" data-widget_type=\"image-box.default\">\n\t\t\t\t<div class=\"elementor-widget-container\">\n\t\t\t\t\t<div class=\"elementor-image-box-wrapper\"><figure class=\"elementor-image-box-img\"><img loading=\"lazy\" decoding=\"async\" width=\"1600\" height=\"1600\" src=\"https:\/\/unifestival.shop\/wp-content\/uploads\/2026\/04\/Sfb595fc3bdf247459678380c650cc466e.avif\" class=\"attachment-full size-full wp-image-13737 wvs-archive-product-image\" alt=\"\" srcset=\"https:\/\/unifestival.shop\/wp-content\/uploads\/2026\/04\/Sfb595fc3bdf247459678380c650cc466e.avif 1600w, https:\/\/unifestival.shop\/wp-content\/uploads\/2026\/04\/Sfb595fc3bdf247459678380c650cc466e-300x300.avif 300w, https:\/\/unifestival.shop\/wp-content\/uploads\/2026\/04\/Sfb595fc3bdf247459678380c650cc466e-1024x1024.avif 1024w, https:\/\/unifestival.shop\/wp-content\/uploads\/2026\/04\/Sfb595fc3bdf247459678380c650cc466e-150x150.avif 150w, https:\/\/unifestival.shop\/wp-content\/uploads\/2026\/04\/Sfb595fc3bdf247459678380c650cc466e-768x768.avif 768w, https:\/\/unifestival.shop\/wp-content\/uploads\/2026\/04\/Sfb595fc3bdf247459678380c650cc466e-1536x1536.avif 1536w, https:\/\/unifestival.shop\/wp-content\/uploads\/2026\/04\/Sfb595fc3bdf247459678380c650cc466e-12x12.avif 12w, https:\/\/unifestival.shop\/wp-content\/uploads\/2026\/04\/Sfb595fc3bdf247459678380c650cc466e-600x600.avif 600w, https:\/\/unifestival.shop\/wp-content\/uploads\/2026\/04\/Sfb595fc3bdf247459678380c650cc466e-100x100.avif 100w, https:\/\/unifestival.shop\/wp-content\/uploads\/2026\/04\/Sfb595fc3bdf247459678380c650cc466e-50x50.avif 50w, https:\/\/unifestival.shop\/wp-content\/uploads\/2026\/04\/Sfb595fc3bdf247459678380c650cc466e-1x1.avif 1w, https:\/\/unifestival.shop\/wp-content\/uploads\/2026\/04\/Sfb595fc3bdf247459678380c650cc466e-10x10.avif 10w\" sizes=\"auto, (max-width: 1600px) 100vw, 1600px\" \/><\/figure><div class=\"elementor-image-box-content\"><h3 class=\"elementor-image-box-title\">Pantalla LCD en Tiempo Real y Luz de Emergencia de Alta Luminosidad<\/h3><p class=\"elementor-image-box-description\">El arrancador cuenta con una pantalla LCD de 3.3 pulgadas que muestra informaci\u00f3n clave en tiempo real: nivel de bater\u00eda, estado de conexi\u00f3n y alertas de error. Adem\u00e1s, incorpora una linterna LED de 400 l\u00famenes con 3 modos de iluminaci\u00f3n: linterna est\u00e1ndar, SOS de emergencia y estrobosc\u00f3pica. Puede funcionar de forma continua hasta 72 horas, ideal para emergencias nocturnas, aver\u00edas en carretera o actividades al aire libre. <\/p><\/div><\/div>\t\t\t\t<\/div>\n\t\t\t\t<\/div>\n\t\t\t\t<div class=\"elementor-element elementor-element-228dec08 elementor-position-right elementor-vertical-align-middle elementor-widget elementor-widget-image-box\" data-id=\"228dec08\" data-element_type=\"widget\" data-e-type=\"widget\" data-settings=\"{&quot;ekit_we_effect_on&quot;:&quot;none&quot;}\" data-widget_type=\"image-box.default\">\n\t\t\t\t<div class=\"elementor-widget-container\">\n\t\t\t\t\t<div class=\"elementor-image-box-wrapper\"><figure class=\"elementor-image-box-img\"><img loading=\"lazy\" decoding=\"async\" width=\"1600\" height=\"1600\" src=\"https:\/\/unifestival.shop\/wp-content\/uploads\/2026\/04\/S21504eb5f1f342a49c83cf4f6e9128a6q.avif\" class=\"attachment-full size-full wp-image-13738 wvs-archive-product-image\" alt=\"\" srcset=\"https:\/\/unifestival.shop\/wp-content\/uploads\/2026\/04\/S21504eb5f1f342a49c83cf4f6e9128a6q.avif 1600w, https:\/\/unifestival.shop\/wp-content\/uploads\/2026\/04\/S21504eb5f1f342a49c83cf4f6e9128a6q-300x300.avif 300w, https:\/\/unifestival.shop\/wp-content\/uploads\/2026\/04\/S21504eb5f1f342a49c83cf4f6e9128a6q-1024x1024.avif 1024w, https:\/\/unifestival.shop\/wp-content\/uploads\/2026\/04\/S21504eb5f1f342a49c83cf4f6e9128a6q-150x150.avif 150w, https:\/\/unifestival.shop\/wp-content\/uploads\/2026\/04\/S21504eb5f1f342a49c83cf4f6e9128a6q-768x768.avif 768w, https:\/\/unifestival.shop\/wp-content\/uploads\/2026\/04\/S21504eb5f1f342a49c83cf4f6e9128a6q-1536x1536.avif 1536w, https:\/\/unifestival.shop\/wp-content\/uploads\/2026\/04\/S21504eb5f1f342a49c83cf4f6e9128a6q-12x12.avif 12w, https:\/\/unifestival.shop\/wp-content\/uploads\/2026\/04\/S21504eb5f1f342a49c83cf4f6e9128a6q-600x600.avif 600w, https:\/\/unifestival.shop\/wp-content\/uploads\/2026\/04\/S21504eb5f1f342a49c83cf4f6e9128a6q-100x100.avif 100w, https:\/\/unifestival.shop\/wp-content\/uploads\/2026\/04\/S21504eb5f1f342a49c83cf4f6e9128a6q-50x50.avif 50w, https:\/\/unifestival.shop\/wp-content\/uploads\/2026\/04\/S21504eb5f1f342a49c83cf4f6e9128a6q-1x1.avif 1w, https:\/\/unifestival.shop\/wp-content\/uploads\/2026\/04\/S21504eb5f1f342a49c83cf4f6e9128a6q-10x10.avif 10w\" sizes=\"auto, (max-width: 1600px) 100vw, 1600px\" \/><\/figure><div class=\"elementor-image-box-content\"><h3 class=\"elementor-image-box-title\">Potencia Extrema para Motores de Gran Tama\u00f1o<\/h3><p class=\"elementor-image-box-description\">Con una corriente m\u00e1xima de 7000A, el BSMOOM 7000A es capaz de arrancar motores de gasolina de hasta 10.0 litros y di\u00e9sel de hasta 8.0 litros con una sola carga. Ya sea que conduzcas un SUV, una camioneta, un veh\u00edculo comercial o incluso un todoterreno (ATV), este arrancador port\u00e1til est\u00e1 dise\u00f1ado para sacarte de cualquier apuro, incluso cuando la bater\u00eda est\u00e1 completamente descargada o en climas extremos. <\/p><\/div><\/div>\t\t\t\t<\/div>\n\t\t\t\t<\/div>\n\t\t\t\t<div class=\"elementor-element elementor-element-3d92556f elementor-position-left elementor-vertical-align-middle elementor-widget elementor-widget-image-box\" data-id=\"3d92556f\" data-element_type=\"widget\" data-e-type=\"widget\" data-settings=\"{&quot;ekit_we_effect_on&quot;:&quot;none&quot;}\" data-widget_type=\"image-box.default\">\n\t\t\t\t<div class=\"elementor-widget-container\">\n\t\t\t\t\t<div class=\"elementor-image-box-wrapper\"><figure class=\"elementor-image-box-img\"><img loading=\"lazy\" decoding=\"async\" width=\"1600\" height=\"1600\" src=\"https:\/\/unifestival.shop\/wp-content\/uploads\/2026\/04\/S8955c64d84e74694b2dedf0ecb2ebb63e-1.avif\" class=\"attachment-full size-full wp-image-13739 wvs-archive-product-image\" alt=\"\" srcset=\"https:\/\/unifestival.shop\/wp-content\/uploads\/2026\/04\/S8955c64d84e74694b2dedf0ecb2ebb63e-1.avif 1600w, https:\/\/unifestival.shop\/wp-content\/uploads\/2026\/04\/S8955c64d84e74694b2dedf0ecb2ebb63e-1-300x300.avif 300w, https:\/\/unifestival.shop\/wp-content\/uploads\/2026\/04\/S8955c64d84e74694b2dedf0ecb2ebb63e-1-1024x1024.avif 1024w, https:\/\/unifestival.shop\/wp-content\/uploads\/2026\/04\/S8955c64d84e74694b2dedf0ecb2ebb63e-1-150x150.avif 150w, https:\/\/unifestival.shop\/wp-content\/uploads\/2026\/04\/S8955c64d84e74694b2dedf0ecb2ebb63e-1-768x768.avif 768w, https:\/\/unifestival.shop\/wp-content\/uploads\/2026\/04\/S8955c64d84e74694b2dedf0ecb2ebb63e-1-1536x1536.avif 1536w, https:\/\/unifestival.shop\/wp-content\/uploads\/2026\/04\/S8955c64d84e74694b2dedf0ecb2ebb63e-1-12x12.avif 12w, https:\/\/unifestival.shop\/wp-content\/uploads\/2026\/04\/S8955c64d84e74694b2dedf0ecb2ebb63e-1-600x600.avif 600w, https:\/\/unifestival.shop\/wp-content\/uploads\/2026\/04\/S8955c64d84e74694b2dedf0ecb2ebb63e-1-100x100.avif 100w, https:\/\/unifestival.shop\/wp-content\/uploads\/2026\/04\/S8955c64d84e74694b2dedf0ecb2ebb63e-1-50x50.avif 50w, https:\/\/unifestival.shop\/wp-content\/uploads\/2026\/04\/S8955c64d84e74694b2dedf0ecb2ebb63e-1-1x1.avif 1w, https:\/\/unifestival.shop\/wp-content\/uploads\/2026\/04\/S8955c64d84e74694b2dedf0ecb2ebb63e-1-10x10.avif 10w\" sizes=\"auto, (max-width: 1600px) 100vw, 1600px\" \/><\/figure><div class=\"elementor-image-box-content\"><h3 class=\"elementor-image-box-title\">Seguridad Absoluta con 8 Protecciones Avanzadas<\/h3><p class=\"elementor-image-box-description\">La seguridad es lo primero. El BSMOOM 7000A incorpora 8 sistemas de protecci\u00f3n integrados, que incluyen protecci\u00f3n contra sobrecarga, cortocircuitos, inversi\u00f3n de polaridad, sobrecalentamiento y sobrecorriente. Incluso si conectas las pinzas al rev\u00e9s, el dispositivo te alertar\u00e1 sin causar chispas ni da\u00f1os, garantizando una operaci\u00f3n completamente segura para cualquier usuario, incluso sin experiencia mec\u00e1nica. <\/p><\/div><\/div>\t\t\t\t<\/div>\n\t\t\t\t<\/div>\n\t\t\t\t\t<\/div>\n\t\t\t\t<\/div>\n\t\t<div class=\"elementor-element elementor-element-5ea84f04 e-flex e-con-boxed e-con e-parent\" data-id=\"5ea84f04\" data-element_type=\"container\" data-e-type=\"container\" data-settings=\"{&quot;ekit_has_onepagescroll_dot&quot;:&quot;yes&quot;}\">\n\t\t\t\t\t<div class=\"e-con-inner\">\n\t\t\t\t<div class=\"elementor-element elementor-element-13408e5d elementor-widget elementor-widget-image\" data-id=\"13408e5d\" data-element_type=\"widget\" data-e-type=\"widget\" data-settings=\"{&quot;ekit_we_effect_on&quot;:&quot;none&quot;}\" data-widget_type=\"image.default\">\n\t\t\t\t<div class=\"elementor-widget-container\">\n\t\t\t\t\t\t\t\t\t\t\t\t\t\t\t<img loading=\"lazy\" decoding=\"async\" width=\"1464\" height=\"600\" src=\"https:\/\/unifestival.shop\/wp-content\/uploads\/2026\/04\/9e352c57-76f5-4f91-af66-87cc14ce7310.__CR001464600_PT0_SX1464_V1___.jpg\" class=\"attachment-full size-full wp-image-13740 wvs-archive-product-image\" alt=\"\" srcset=\"https:\/\/unifestival.shop\/wp-content\/uploads\/2026\/04\/9e352c57-76f5-4f91-af66-87cc14ce7310.__CR001464600_PT0_SX1464_V1___.jpg 1464w, https:\/\/unifestival.shop\/wp-content\/uploads\/2026\/04\/9e352c57-76f5-4f91-af66-87cc14ce7310.__CR001464600_PT0_SX1464_V1___-300x123.jpg 300w, https:\/\/unifestival.shop\/wp-content\/uploads\/2026\/04\/9e352c57-76f5-4f91-af66-87cc14ce7310.__CR001464600_PT0_SX1464_V1___-1024x420.jpg 1024w, https:\/\/unifestival.shop\/wp-content\/uploads\/2026\/04\/9e352c57-76f5-4f91-af66-87cc14ce7310.__CR001464600_PT0_SX1464_V1___-768x315.jpg 768w, https:\/\/unifestival.shop\/wp-content\/uploads\/2026\/04\/9e352c57-76f5-4f91-af66-87cc14ce7310.__CR001464600_PT0_SX1464_V1___-18x7.jpg 18w, https:\/\/unifestival.shop\/wp-content\/uploads\/2026\/04\/9e352c57-76f5-4f91-af66-87cc14ce7310.__CR001464600_PT0_SX1464_V1___-600x246.jpg 600w, https:\/\/unifestival.shop\/wp-content\/uploads\/2026\/04\/9e352c57-76f5-4f91-af66-87cc14ce7310.__CR001464600_PT0_SX1464_V1___-1x1.jpg 1w, https:\/\/unifestival.shop\/wp-content\/uploads\/2026\/04\/9e352c57-76f5-4f91-af66-87cc14ce7310.__CR001464600_PT0_SX1464_V1___-10x4.jpg 10w\" sizes=\"auto, (max-width: 1464px) 100vw, 1464px\" \/>\t\t\t\t\t\t\t\t\t\t\t\t\t\t\t<\/div>\n\t\t\t\t<\/div>\n\t\t\t\t<div class=\"elementor-element elementor-element-5b803ead elementor-widget elementor-widget-image\" data-id=\"5b803ead\" data-element_type=\"widget\" data-e-type=\"widget\" data-settings=\"{&quot;ekit_we_effect_on&quot;:&quot;none&quot;}\" data-widget_type=\"image.default\">\n\t\t\t\t<div class=\"elementor-widget-container\">\n\t\t\t\t\t\t\t\t\t\t\t\t\t\t\t<img loading=\"lazy\" decoding=\"async\" width=\"1464\" height=\"600\" src=\"https:\/\/unifestival.shop\/wp-content\/uploads\/2026\/04\/dae11761-5327-4f3c-a875-871f9ce8dc52.__CR001464600_PT0_SX1464_V1___.jpg\" class=\"attachment-full size-full wp-image-13741 wvs-archive-product-image\" alt=\"\" srcset=\"https:\/\/unifestival.shop\/wp-content\/uploads\/2026\/04\/dae11761-5327-4f3c-a875-871f9ce8dc52.__CR001464600_PT0_SX1464_V1___.jpg 1464w, https:\/\/unifestival.shop\/wp-content\/uploads\/2026\/04\/dae11761-5327-4f3c-a875-871f9ce8dc52.__CR001464600_PT0_SX1464_V1___-300x123.jpg 300w, https:\/\/unifestival.shop\/wp-content\/uploads\/2026\/04\/dae11761-5327-4f3c-a875-871f9ce8dc52.__CR001464600_PT0_SX1464_V1___-1024x420.jpg 1024w, https:\/\/unifestival.shop\/wp-content\/uploads\/2026\/04\/dae11761-5327-4f3c-a875-871f9ce8dc52.__CR001464600_PT0_SX1464_V1___-768x315.jpg 768w, https:\/\/unifestival.shop\/wp-content\/uploads\/2026\/04\/dae11761-5327-4f3c-a875-871f9ce8dc52.__CR001464600_PT0_SX1464_V1___-18x7.jpg 18w, https:\/\/unifestival.shop\/wp-content\/uploads\/2026\/04\/dae11761-5327-4f3c-a875-871f9ce8dc52.__CR001464600_PT0_SX1464_V1___-600x246.jpg 600w, https:\/\/unifestival.shop\/wp-content\/uploads\/2026\/04\/dae11761-5327-4f3c-a875-871f9ce8dc52.__CR001464600_PT0_SX1464_V1___-1x1.jpg 1w, https:\/\/unifestival.shop\/wp-content\/uploads\/2026\/04\/dae11761-5327-4f3c-a875-871f9ce8dc52.__CR001464600_PT0_SX1464_V1___-10x4.jpg 10w\" sizes=\"auto, (max-width: 1464px) 100vw, 1464px\" \/>\t\t\t\t\t\t\t\t\t\t\t\t\t\t\t<\/div>\n\t\t\t\t<\/div>\n\t\t\t\t<div class=\"elementor-element elementor-element-7835233 elementor-widget elementor-widget-image\" data-id=\"7835233\" data-element_type=\"widget\" data-e-type=\"widget\" data-settings=\"{&quot;ekit_we_effect_on&quot;:&quot;none&quot;}\" data-widget_type=\"image.default\">\n\t\t\t\t<div class=\"elementor-widget-container\">\n\t\t\t\t\t\t\t\t\t\t\t\t\t\t\t<img loading=\"lazy\" decoding=\"async\" width=\"1600\" height=\"1600\" src=\"https:\/\/unifestival.shop\/wp-content\/uploads\/2026\/04\/S1abf647f791242b3801cff294067c19cY-1.avif\" class=\"attachment-full size-full wp-image-13742 wvs-archive-product-image\" alt=\"\" srcset=\"https:\/\/unifestival.shop\/wp-content\/uploads\/2026\/04\/S1abf647f791242b3801cff294067c19cY-1.avif 1600w, https:\/\/unifestival.shop\/wp-content\/uploads\/2026\/04\/S1abf647f791242b3801cff294067c19cY-1-300x300.avif 300w, https:\/\/unifestival.shop\/wp-content\/uploads\/2026\/04\/S1abf647f791242b3801cff294067c19cY-1-1024x1024.avif 1024w, https:\/\/unifestival.shop\/wp-content\/uploads\/2026\/04\/S1abf647f791242b3801cff294067c19cY-1-150x150.avif 150w, https:\/\/unifestival.shop\/wp-content\/uploads\/2026\/04\/S1abf647f791242b3801cff294067c19cY-1-768x768.avif 768w, https:\/\/unifestival.shop\/wp-content\/uploads\/2026\/04\/S1abf647f791242b3801cff294067c19cY-1-1536x1536.avif 1536w, https:\/\/unifestival.shop\/wp-content\/uploads\/2026\/04\/S1abf647f791242b3801cff294067c19cY-1-12x12.avif 12w, https:\/\/unifestival.shop\/wp-content\/uploads\/2026\/04\/S1abf647f791242b3801cff294067c19cY-1-600x600.avif 600w, https:\/\/unifestival.shop\/wp-content\/uploads\/2026\/04\/S1abf647f791242b3801cff294067c19cY-1-100x100.avif 100w, https:\/\/unifestival.shop\/wp-content\/uploads\/2026\/04\/S1abf647f791242b3801cff294067c19cY-1-50x50.avif 50w, https:\/\/unifestival.shop\/wp-content\/uploads\/2026\/04\/S1abf647f791242b3801cff294067c19cY-1-1x1.avif 1w, https:\/\/unifestival.shop\/wp-content\/uploads\/2026\/04\/S1abf647f791242b3801cff294067c19cY-1-10x10.avif 10w\" sizes=\"auto, (max-width: 1600px) 100vw, 1600px\" \/>\t\t\t\t\t\t\t\t\t\t\t\t\t\t\t<\/div>\n\t\t\t\t<\/div>\n\t\t\t\t<div class=\"elementor-element elementor-element-66185583 elementor-widget elementor-widget-image\" data-id=\"66185583\" data-element_type=\"widget\" data-e-type=\"widget\" data-settings=\"{&quot;ekit_we_effect_on&quot;:&quot;none&quot;}\" data-widget_type=\"image.default\">\n\t\t\t\t<div class=\"elementor-widget-container\">\n\t\t\t\t\t\t\t\t\t\t\t\t\t\t\t<img loading=\"lazy\" decoding=\"async\" width=\"1600\" height=\"1600\" src=\"https:\/\/unifestival.shop\/wp-content\/uploads\/2026\/04\/S2351114e01954e1ba8571f15f26fa402Q.avif\" class=\"attachment-full size-full wp-image-13743 wvs-archive-product-image\" alt=\"\" srcset=\"https:\/\/unifestival.shop\/wp-content\/uploads\/2026\/04\/S2351114e01954e1ba8571f15f26fa402Q.avif 1600w, https:\/\/unifestival.shop\/wp-content\/uploads\/2026\/04\/S2351114e01954e1ba8571f15f26fa402Q-300x300.avif 300w, https:\/\/unifestival.shop\/wp-content\/uploads\/2026\/04\/S2351114e01954e1ba8571f15f26fa402Q-1024x1024.avif 1024w, https:\/\/unifestival.shop\/wp-content\/uploads\/2026\/04\/S2351114e01954e1ba8571f15f26fa402Q-150x150.avif 150w, https:\/\/unifestival.shop\/wp-content\/uploads\/2026\/04\/S2351114e01954e1ba8571f15f26fa402Q-768x768.avif 768w, https:\/\/unifestival.shop\/wp-content\/uploads\/2026\/04\/S2351114e01954e1ba8571f15f26fa402Q-1536x1536.avif 1536w, https:\/\/unifestival.shop\/wp-content\/uploads\/2026\/04\/S2351114e01954e1ba8571f15f26fa402Q-12x12.avif 12w, https:\/\/unifestival.shop\/wp-content\/uploads\/2026\/04\/S2351114e01954e1ba8571f15f26fa402Q-600x600.avif 600w, https:\/\/unifestival.shop\/wp-content\/uploads\/2026\/04\/S2351114e01954e1ba8571f15f26fa402Q-100x100.avif 100w, https:\/\/unifestival.shop\/wp-content\/uploads\/2026\/04\/S2351114e01954e1ba8571f15f26fa402Q-50x50.avif 50w, https:\/\/unifestival.shop\/wp-content\/uploads\/2026\/04\/S2351114e01954e1ba8571f15f26fa402Q-1x1.avif 1w, https:\/\/unifestival.shop\/wp-content\/uploads\/2026\/04\/S2351114e01954e1ba8571f15f26fa402Q-10x10.avif 10w\" sizes=\"auto, (max-width: 1600px) 100vw, 1600px\" \/>\t\t\t\t\t\t\t\t\t\t\t\t\t\t\t<\/div>\n\t\t\t\t<\/div>\n\t\t\t\t\t<\/div>\n\t\t\t\t<\/div>\n\t\t\t\t<\/div>","protected":false},"excerpt":{"rendered":"<h1 class=\"a-size-base-plus a-text-bold\">Acerca de este art\u00edculo<\/h1>\n<ul class=\"a-unordered-list a-vertical a-spacing-mini\">\n<li class=\"a-spacing-mini\"><span class=\"a-list-item\">\u3010ULTRA-POWERFUL JUMP START PERFORMANCE\u3011Engineered for emergencies, this 5000A Peak Car Battery Jump Starter instantly revives dead batteries in vehicles up to 10.0L gas or 8.0L diesel engines. Perfect for cars, trucks, motorcycles, boats, RVs, and tractors. With a high-performance Force Start Function, even fully drained batteries can be revived in seconds\u2014ideal for extreme temperatures and up to 20 jumps on a single charge.<\/span><\/li>\n<\/ul>","protected":false},"featured_media":13732,"comment_status":"open","ping_status":"closed","template":"","meta":{"_acf_changed":false},"etheme_brands":[],"product_brand":[],"product_cat":[127,118],"product_tag":[],"class_list":{"0":"post-13731","1":"product","2":"type-product","3":"status-publish","4":"has-post-thumbnail","6":"product_cat-dao","7":"product_cat-sale-shop","9":"first","10":"instock","11":"sale","12":"shipping-taxable","13":"purchasable","14":"product-type-simple"},"acf":[],"_links":{"self":[{"href":"https:\/\/unifestival.shop\/es\/wp-json\/wp\/v2\/product\/13731","targetHints":{"allow":["GET"]}}],"collection":[{"href":"https:\/\/unifestival.shop\/es\/wp-json\/wp\/v2\/product"}],"about":[{"href":"https:\/\/unifestival.shop\/es\/wp-json\/wp\/v2\/types\/product"}],"replies":[{"embeddable":true,"href":"https:\/\/unifestival.shop\/es\/wp-json\/wp\/v2\/comments?post=13731"}],"version-history":[{"count":7,"href":"https:\/\/unifestival.shop\/es\/wp-json\/wp\/v2\/product\/13731\/revisions"}],"predecessor-version":[{"id":13757,"href":"https:\/\/unifestival.shop\/es\/wp-json\/wp\/v2\/product\/13731\/revisions\/13757"}],"wp:featuredmedia":[{"embeddable":true,"href":"https:\/\/unifestival.shop\/es\/wp-json\/wp\/v2\/media\/13732"}],"wp:attachment":[{"href":"https:\/\/unifestival.shop\/es\/wp-json\/wp\/v2\/media?parent=13731"}],"wp:term":[{"taxonomy":"brand","embeddable":true,"href":"https:\/\/unifestival.shop\/es\/wp-json\/wp\/v2\/etheme_brands?post=13731"},{"taxonomy":"product_brand","embeddable":true,"href":"https:\/\/unifestival.shop\/es\/wp-json\/wp\/v2\/product_brand?post=13731"},{"taxonomy":"product_cat","embeddable":true,"href":"https:\/\/unifestival.shop\/es\/wp-json\/wp\/v2\/product_cat?post=13731"},{"taxonomy":"product_tag","embeddable":true,"href":"https:\/\/unifestival.shop\/es\/wp-json\/wp\/v2\/product_tag?post=13731"}],"curies":[{"name":"wp","href":"https:\/\/api.w.org\/{rel}","templated":true}]}}